{"id":8547,"date":"2024-07-31T09:55:25","date_gmt":"2024-07-31T06:55:25","guid":{"rendered":"https:\/\/newagri.org\/european-programs\/boosting-social-and-organic-farming-for-inclusive-and-sustainable-growing-economies-source\/"},"modified":"2025-08-04T01:47:46","modified_gmt":"2025-08-03T22:47:46","slug":"boosting-social-and-organic-farming-for-inclusive-and-sustainable-growing-economies-source","status":"publish","type":"page","link":"https:\/\/newagri.org\/en\/european-programs\/boosting-social-and-organic-farming-for-inclusive-and-sustainable-growing-economies-source\/","title":{"rendered":"Boosting SOcial and Organic farming for inclUsive and sustainable gRowing eConomiEs &#8211; SOURCE"},"content":{"rendered":"\t\t<div data-elementor-type=\"wp-page\" data-elementor-id=\"8547\" class=\"elementor elementor-8547 elementor-2192\" data-elementor-post-type=\"page\">\n\t\t\t\t<div class=\"elementor-element elementor-element-d410009 e-con-full e-flex e-con e-parent\" data-id=\"d410009\" data-element_type=\"container\" data-e-type=\"container\" data-settings=\"{&quot;background_background&quot;:&quot;classic&quot;}\">\n\t\t\t\t<div class=\"elementor-element elementor-element-8033ade elementor-widget elementor-widget-button\" data-id=\"8033ade\" data-element_type=\"widget\" data-e-type=\"widget\" data-widget_type=\"button.default\">\n\t\t\t\t<div class=\"elementor-widget-container\">\n\t\t\t\t\t\t\t\t\t<div class=\"elementor-button-wrapper\">\n\t\t\t\t\t<a class=\"elementor-button elementor-button-link elementor-size-sm\" href=\"\/evropaika-programmata\/\">\n\t\t\t\t\t\t<span class=\"elementor-button-content-wrapper\">\n\t\t\t\t\t\t<span class=\"elementor-button-icon\">\n\t\t\t\t<svg xmlns=\"http:\/\/www.w3.org\/2000\/svg\" xmlns:xlink=\"http:\/\/www.w3.org\/1999\/xlink\" id=\"Layer_1\" x=\"0px\" y=\"0px\" viewBox=\"0 0 28 22\" style=\"enable-background:new 0 0 28 22;\" xml:space=\"preserve\"><style type=\"text\/css\">\t.st0{fill:none;stroke:#004329;stroke-width:2;}<\/style><path class=\"st0\" d=\"M12.4,1.4L2,11.2L12.4,21\"><\/path><path class=\"st0\" d=\"M2,11.2h26\"><\/path><\/svg>\t\t\t<\/span>\n\t\t\t\t\t\t\t\t\t<span class=\"elementor-button-text\">BACK<\/span>\n\t\t\t\t\t<\/span>\n\t\t\t\t\t<\/a>\n\t\t\t\t<\/div>\n\t\t\t\t\t\t\t\t<\/div>\n\t\t\t\t<\/div>\n\t\t\t\t<div class=\"elementor-element elementor-element-2720e00 elementor-widget elementor-widget-heading\" data-id=\"2720e00\" data-element_type=\"widget\" data-e-type=\"widget\" data-widget_type=\"heading.default\">\n\t\t\t\t<div class=\"elementor-widget-container\">\n\t\t\t\t\t<span class=\"elementor-heading-title elementor-size-default\">Boosting SOcial and Organic farming for inclUsive<br> and sustainable gRowing eConomiEs \u2013 <b>SOURCE<\/b><\/span>\t\t\t\t<\/div>\n\t\t\t\t<\/div>\n\t\t\t\t<\/div>\n\t\t<div class=\"elementor-element elementor-element-ee07407 e-con-full e-flex e-con e-parent\" data-id=\"ee07407\" data-element_type=\"container\" data-e-type=\"container\" data-settings=\"{&quot;background_background&quot;:&quot;gradient&quot;}\">\n\t\t\t\t<div class=\"elementor-element elementor-element-669ee67 elementor-widget elementor-widget-image\" data-id=\"669ee67\" data-element_type=\"widget\" data-e-type=\"widget\" data-widget_type=\"image.default\">\n\t\t\t\t<div class=\"elementor-widget-container\">\n\t\t\t\t\t\t\t\t\t\t\t\t\t\t\t<img fetchpriority=\"high\" decoding=\"async\" width=\"1200\" height=\"1200\" src=\"https:\/\/newagri.org\/wp-content\/uploads\/2024\/07\/source-colab.jpg\" class=\"attachment-full size-full wp-image-3043\" alt=\"\" srcset=\"https:\/\/newagri.org\/wp-content\/uploads\/2024\/07\/source-colab.jpg 1200w, https:\/\/newagri.org\/wp-content\/uploads\/2024\/07\/source-colab-300x300.jpg 300w, https:\/\/newagri.org\/wp-content\/uploads\/2024\/07\/source-colab-1024x1024.jpg 1024w, https:\/\/newagri.org\/wp-content\/uploads\/2024\/07\/source-colab-150x150.jpg 150w, https:\/\/newagri.org\/wp-content\/uploads\/2024\/07\/source-colab-768x768.jpg 768w\" sizes=\"(max-width: 1200px) 100vw, 1200px\" \/>\t\t\t\t\t\t\t\t\t\t\t\t\t\t\t<\/div>\n\t\t\t\t<\/div>\n\t\t\t\t<\/div>\n\t\t<div class=\"elementor-element elementor-element-2931db7 e-con-full e-flex e-con e-parent\" data-id=\"2931db7\" data-element_type=\"container\" data-e-type=\"container\">\n\t\t\t\t<div class=\"elementor-element elementor-element-20914f3 esg-text-ed elementor-widget elementor-widget-text-editor\" data-id=\"20914f3\" data-element_type=\"widget\" data-e-type=\"widget\" data-widget_type=\"text-editor.default\">\n\t\t\t\t<div class=\"elementor-widget-container\">\n\t\t\t\t\t\t\t\t\t<p dir=\"auto\"><strong>New Agriculture New Generation<\/strong>&nbsp;is participating as a partner in the&nbsp;<strong>Erasmus+<\/strong>&nbsp;project titled&nbsp;&#8220;<strong><a href=\"https:\/\/www.socialorganicfarming.eu\/\">Boosting Social and Organic Farming for Inclusive &amp; Sustainable Growing Economies &#8211; SOURCE<\/a>&#8220;<\/strong>, coordinated by&nbsp;<strong><a href=\"http:\/\/www.agriform.net\/\">Agriform Parma<\/a>&nbsp;<\/strong>with the&nbsp;<strong><a href=\"https:\/\/uni-mate.hu\/\">Magyar Agr\u00e1r- \u00e9s \u00c9lettudom\u00e1nyi Egyetem<\/a>&nbsp;(volt SZIE)<\/strong>, as partner.&nbsp;The aim is to promote organic farming with a social emphasis (social farming) and to support farmers and vulnerable social groups, contributing to a sustainable agrifood ecosystem without exclusions.<\/p>\n<p><strong>Main objectives<\/strong><\/p>\n<p>The main project objective is to strengthen the connection between social farming and organic farming by supporting upskilling processes of farmers and aspirants to spread organic and social farming for sustainable and inclusive ecosystems.<br>The project will contribute to the improvement of the existing training practices and to design a common VET syllabus for the so-called \u201csocial organic farmer\u201d by boosting green innovation and the transition to sustainable production and inclusive societies in the future.<\/p>\n<p><strong>The activities of the project foresee:<\/strong><\/p>\n<ul>\n<li>A collection of best practices on social and organic farming at the EU level and their analysis to create a knowledge baseline as common ground for future development;<\/li>\n<li>The social organic farmer profile description and social organic farmer vocational training syllabus to identify skills and competencies;<\/li>\n<li>Stakeholder engagement and policy influencing to co-create policy recommendations to boost social and organic farming<\/li>\n<\/ul>\n<p><strong>The expected results of the project are:<\/strong><\/p>\n<p>1. A digital glossary focused on agrosocial practices<\/p>\n<p>2. A Best Practices document<\/p>\n<p>3. The social organic farmer skills profile<\/p>\n<p>4. A social organic farmer VET syllabus<\/p>\n<p>5. A Policy Recommendations Paper for stakeholders to support the diffusion of social organic farming through adequate educational policies<\/p>\n<p>The project is being conducted by&nbsp;<strong>European partners<\/strong>&nbsp;from&nbsp;<strong>Italy (Agriform)<\/strong>,&nbsp;<strong>Hungary (Hungarian University of Agriculture and Life Sciences)<\/strong>, and&nbsp;<strong>Greece (New Agriculture New Generation).<\/strong><\/p>\n<p><img decoding=\"async\" class=\"alignnone wp-image-2195 size-full\" src=\"https:\/\/newagri.org\/wp-content\/uploads\/2024\/07\/source-pic.jpg\" alt=\"\" width=\"1379\" height=\"745\" srcset=\"https:\/\/newagri.org\/wp-content\/uploads\/2024\/07\/source-pic.jpg 1379w, https:\/\/newagri.org\/wp-content\/uploads\/2024\/07\/source-pic-300x162.jpg 300w, https:\/\/newagri.org\/wp-content\/uploads\/2024\/07\/source-pic-1024x553.jpg 1024w, https:\/\/newagri.org\/wp-content\/uploads\/2024\/07\/source-pic-768x415.jpg 768w\" sizes=\"(max-width: 1379px) 100vw, 1379px\" \/><\/p>\n<p><strong>Three-day Workshop in Athens<\/strong><\/p>\n<p>As part of the&nbsp;<strong>Erasmus+ Program<\/strong>&nbsp;titled &#8220;<strong>Boosting SOcial and Organic farming for inclUsive and sustainable gRowing eConomiEs &#8211; SOURCE<\/strong>&#8220;, the organization&nbsp;<strong>New Agriculture New Generation<\/strong>&nbsp;hosted partners from&nbsp;<strong>Agriform Parma in Italy<\/strong>&nbsp;and&nbsp;<strong>Magyar Agr\u00e1r- \u00e9s \u00c9lettudom\u00e1nyi Egyetem in Hungary<\/strong>&nbsp;in Athens.<\/p>\n<p>A three-day workshop (June 8th, 9th, &amp; 10th, 2023) was organized, focusing on creating a common European educational framework where individuals from vulnerable social groups can smoothly integrate into social and professional reality through their employment in the field of organic farming.<\/p>\n<p>During the workshop, Christos Tsilikis, Social Entrepreneurship Consultant, presented the institutional framework and the latest developments in social entrepreneurship in the European Union. Additionally, a visit was made to the&nbsp;<a href=\"https:\/\/www.facebook.com\/profile.php?id=100080370990543\">Equalact social Action for Social Equality for Persons with Disabilities Association<\/a> in Cholargos.<\/p>\t\t\t\t\t\t\t\t<\/div>\n\t\t\t\t<\/div>\n\t\t\t\t<\/div>\n\t\t\t\t<\/div>\n\t\t","protected":false},"excerpt":{"rendered":"<p>BACK Boosting SOcial and Organic farming for inclUsive and sustainable gRowing eConomiEs \u2013 SOURCE New Agriculture New Generation&nbsp;is participating as a partner in the&nbsp;Erasmus+&nbsp;project titled&nbsp;&#8220;Boosting Social and Organic Farming for Inclusive &amp; Sustainable Growing Economies &#8211; SOURCE&#8220;, coordinated by&nbsp;Agriform Parma&nbsp;with the&nbsp;Magyar Agr\u00e1r- \u00e9s \u00c9lettudom\u00e1nyi Egyetem&nbsp;(volt SZIE), as partner.&nbsp;The aim is to promote organic farming with [&hellip;]<\/p>\n","protected":false},"author":1,"featured_media":0,"parent":7747,"menu_order":43,"comment_status":"closed","ping_status":"closed","template":"","meta":{"footnotes":""},"class_list":["post-8547","page","type-page","status-publish","hentry"],"acf":[],"yoast_head":"<!-- This site is optimized with the Yoast SEO plugin v27.4 - https:\/\/yoast.com\/product\/yoast-seo-wordpress\/ -->\n<title>Boosting SOcial and Organic farming for inclUsive and sustainable gRowing eConomiEs - SOURCE - \u039d\u03ad\u03b1 \u0393\u03b5\u03c9\u03c1\u03b3\u03af\u03b1 \u039d\u03ad\u03b1 \u0393\u03b5\u03bd\u03b9\u03ac<\/title>\n<meta name=\"robots\" content=\"index, follow, max-snippet:-1, max-image-preview:large, max-video-preview:-1\" \/>\n<link rel=\"canonical\" href=\"https:\/\/newagri.org\/evropaika-programmata\/boosting-social-and-organic-farming-for-inclusive-and-sustainable-growing-economies-source\/\" \/>\n<meta property=\"og:locale\" content=\"en_US\" \/>\n<meta property=\"og:type\" content=\"article\" \/>\n<meta property=\"og:title\" content=\"Boosting SOcial and Organic farming for inclUsive and sustainable gRowing eConomiEs - SOURCE - \u039d\u03ad\u03b1 \u0393\u03b5\u03c9\u03c1\u03b3\u03af\u03b1 \u039d\u03ad\u03b1 \u0393\u03b5\u03bd\u03b9\u03ac\" \/>\n<meta property=\"og:description\" content=\"BACK Boosting SOcial and Organic farming for inclUsive and sustainable gRowing eConomiEs \u2013 SOURCE New Agriculture New Generation&nbsp;is participating as a partner in the&nbsp;Erasmus+&nbsp;project titled&nbsp;&#8220;Boosting Social and Organic Farming for Inclusive &amp; Sustainable Growing Economies &#8211; SOURCE&#8220;, coordinated by&nbsp;Agriform Parma&nbsp;with the&nbsp;Magyar Agr\u00e1r- \u00e9s \u00c9lettudom\u00e1nyi Egyetem&nbsp;(volt SZIE), as partner.&nbsp;The aim is to promote organic farming with [&hellip;]\" \/>\n<meta property=\"og:url\" content=\"https:\/\/newagri.org\/evropaika-programmata\/boosting-social-and-organic-farming-for-inclusive-and-sustainable-growing-economies-source\/\" \/>\n<meta property=\"og:site_name\" content=\"\u039d\u03ad\u03b1 \u0393\u03b5\u03c9\u03c1\u03b3\u03af\u03b1 \u039d\u03ad\u03b1 \u0393\u03b5\u03bd\u03b9\u03ac\" \/>\n<meta property=\"article:modified_time\" content=\"2025-08-03T22:47:46+00:00\" \/>\n<meta property=\"og:image\" content=\"https:\/\/newagri.org\/wp-content\/uploads\/2024\/07\/source-colab.jpg\" \/>\n\t<meta property=\"og:image:width\" content=\"1200\" \/>\n\t<meta property=\"og:image:height\" content=\"1200\" \/>\n\t<meta property=\"og:image:type\" content=\"image\/jpeg\" \/>\n<meta name=\"twitter:card\" content=\"summary_large_image\" \/>\n<meta name=\"twitter:label1\" content=\"Est. reading time\" \/>\n\t<meta name=\"twitter:data1\" content=\"3 minutes\" \/>\n<script type=\"application\/ld+json\" class=\"yoast-schema-graph\">{\"@context\":\"https:\\\/\\\/schema.org\",\"@graph\":[{\"@type\":\"WebPage\",\"@id\":\"https:\\\/\\\/newagri.org\\\/evropaika-programmata\\\/boosting-social-and-organic-farming-for-inclusive-and-sustainable-growing-economies-source\\\/\",\"url\":\"https:\\\/\\\/newagri.org\\\/evropaika-programmata\\\/boosting-social-and-organic-farming-for-inclusive-and-sustainable-growing-economies-source\\\/\",\"name\":\"Boosting SOcial and Organic farming for inclUsive and sustainable gRowing eConomiEs - SOURCE - \u039d\u03ad\u03b1 \u0393\u03b5\u03c9\u03c1\u03b3\u03af\u03b1 \u039d\u03ad\u03b1 \u0393\u03b5\u03bd\u03b9\u03ac\",\"isPartOf\":{\"@id\":\"https:\\\/\\\/newagri.org\\\/#website\"},\"primaryImageOfPage\":{\"@id\":\"https:\\\/\\\/newagri.org\\\/evropaika-programmata\\\/boosting-social-and-organic-farming-for-inclusive-and-sustainable-growing-economies-source\\\/#primaryimage\"},\"image\":{\"@id\":\"https:\\\/\\\/newagri.org\\\/evropaika-programmata\\\/boosting-social-and-organic-farming-for-inclusive-and-sustainable-growing-economies-source\\\/#primaryimage\"},\"thumbnailUrl\":\"https:\\\/\\\/newagri.org\\\/wp-content\\\/uploads\\\/2024\\\/07\\\/source-colab.jpg\",\"datePublished\":\"2024-07-31T06:55:25+00:00\",\"dateModified\":\"2025-08-03T22:47:46+00:00\",\"breadcrumb\":{\"@id\":\"https:\\\/\\\/newagri.org\\\/evropaika-programmata\\\/boosting-social-and-organic-farming-for-inclusive-and-sustainable-growing-economies-source\\\/#breadcrumb\"},\"inLanguage\":\"en-US\",\"potentialAction\":[{\"@type\":\"ReadAction\",\"target\":[\"https:\\\/\\\/newagri.org\\\/evropaika-programmata\\\/boosting-social-and-organic-farming-for-inclusive-and-sustainable-growing-economies-source\\\/\"]}]},{\"@type\":\"ImageObject\",\"inLanguage\":\"en-US\",\"@id\":\"https:\\\/\\\/newagri.org\\\/evropaika-programmata\\\/boosting-social-and-organic-farming-for-inclusive-and-sustainable-growing-economies-source\\\/#primaryimage\",\"url\":\"https:\\\/\\\/newagri.org\\\/wp-content\\\/uploads\\\/2024\\\/07\\\/source-colab.jpg\",\"contentUrl\":\"https:\\\/\\\/newagri.org\\\/wp-content\\\/uploads\\\/2024\\\/07\\\/source-colab.jpg\"},{\"@type\":\"BreadcrumbList\",\"@id\":\"https:\\\/\\\/newagri.org\\\/evropaika-programmata\\\/boosting-social-and-organic-farming-for-inclusive-and-sustainable-growing-economies-source\\\/#breadcrumb\",\"itemListElement\":[{\"@type\":\"ListItem\",\"position\":1,\"name\":\"\u0391\u03c1\u03c7\u03b9\u03ba\u03ae\",\"item\":\"https:\\\/\\\/newagri.org\\\/\"},{\"@type\":\"ListItem\",\"position\":2,\"name\":\"European Programs\",\"item\":\"https:\\\/\\\/newagri.org\\\/evropaika-programmata\\\/\"},{\"@type\":\"ListItem\",\"position\":3,\"name\":\"Boosting SOcial and Organic farming for inclUsive and sustainable gRowing eConomiEs &#8211; SOURCE\"}]},{\"@type\":\"WebSite\",\"@id\":\"https:\\\/\\\/newagri.org\\\/#website\",\"url\":\"https:\\\/\\\/newagri.org\\\/\",\"name\":\"\u039d\u03ad\u03b1 \u0393\u03b5\u03c9\u03c1\u03b3\u03af\u03b1 \u039d\u03ad\u03b1 \u0393\u03b5\u03bd\u03b9\u03ac\",\"description\":\"\",\"publisher\":{\"@id\":\"https:\\\/\\\/newagri.org\\\/#organization\"},\"potentialAction\":[{\"@type\":\"SearchAction\",\"target\":{\"@type\":\"EntryPoint\",\"urlTemplate\":\"https:\\\/\\\/newagri.org\\\/?s={search_term_string}\"},\"query-input\":{\"@type\":\"PropertyValueSpecification\",\"valueRequired\":true,\"valueName\":\"search_term_string\"}}],\"inLanguage\":\"en-US\"},{\"@type\":\"Organization\",\"@id\":\"https:\\\/\\\/newagri.org\\\/#organization\",\"name\":\"\u039d\u03ad\u03b1 \u0393\u03b5\u03c9\u03c1\u03b3\u03af\u03b1 \u039d\u03ad\u03b1 \u0393\u03b5\u03bd\u03b9\u03ac\",\"url\":\"https:\\\/\\\/newagri.org\\\/\",\"logo\":{\"@type\":\"ImageObject\",\"inLanguage\":\"en-US\",\"@id\":\"https:\\\/\\\/newagri.org\\\/#\\\/schema\\\/logo\\\/image\\\/\",\"url\":\"https:\\\/\\\/newagri.org\\\/wp-content\\\/uploads\\\/2024\\\/05\\\/Logo_NGextnd-1.svg\",\"contentUrl\":\"https:\\\/\\\/newagri.org\\\/wp-content\\\/uploads\\\/2024\\\/05\\\/Logo_NGextnd-1.svg\",\"caption\":\"\u039d\u03ad\u03b1 \u0393\u03b5\u03c9\u03c1\u03b3\u03af\u03b1 \u039d\u03ad\u03b1 \u0393\u03b5\u03bd\u03b9\u03ac\"},\"image\":{\"@id\":\"https:\\\/\\\/newagri.org\\\/#\\\/schema\\\/logo\\\/image\\\/\"}}]}<\/script>\n<!-- \/ Yoast SEO plugin. -->","yoast_head_json":{"title":"Boosting SOcial and Organic farming for inclUsive and sustainable gRowing eConomiEs - SOURCE - \u039d\u03ad\u03b1 \u0393\u03b5\u03c9\u03c1\u03b3\u03af\u03b1 \u039d\u03ad\u03b1 \u0393\u03b5\u03bd\u03b9\u03ac","robots":{"index":"index","follow":"follow","max-snippet":"max-snippet:-1","max-image-preview":"max-image-preview:large","max-video-preview":"max-video-preview:-1"},"canonical":"https:\/\/newagri.org\/evropaika-programmata\/boosting-social-and-organic-farming-for-inclusive-and-sustainable-growing-economies-source\/","og_locale":"en_US","og_type":"article","og_title":"Boosting SOcial and Organic farming for inclUsive and sustainable gRowing eConomiEs - SOURCE - \u039d\u03ad\u03b1 \u0393\u03b5\u03c9\u03c1\u03b3\u03af\u03b1 \u039d\u03ad\u03b1 \u0393\u03b5\u03bd\u03b9\u03ac","og_description":"BACK Boosting SOcial and Organic farming for inclUsive and sustainable gRowing eConomiEs \u2013 SOURCE New Agriculture New Generation&nbsp;is participating as a partner in the&nbsp;Erasmus+&nbsp;project titled&nbsp;&#8220;Boosting Social and Organic Farming for Inclusive &amp; Sustainable Growing Economies &#8211; SOURCE&#8220;, coordinated by&nbsp;Agriform Parma&nbsp;with the&nbsp;Magyar Agr\u00e1r- \u00e9s \u00c9lettudom\u00e1nyi Egyetem&nbsp;(volt SZIE), as partner.&nbsp;The aim is to promote organic farming with [&hellip;]","og_url":"https:\/\/newagri.org\/evropaika-programmata\/boosting-social-and-organic-farming-for-inclusive-and-sustainable-growing-economies-source\/","og_site_name":"\u039d\u03ad\u03b1 \u0393\u03b5\u03c9\u03c1\u03b3\u03af\u03b1 \u039d\u03ad\u03b1 \u0393\u03b5\u03bd\u03b9\u03ac","article_modified_time":"2025-08-03T22:47:46+00:00","og_image":[{"width":1200,"height":1200,"url":"https:\/\/newagri.org\/wp-content\/uploads\/2024\/07\/source-colab.jpg","type":"image\/jpeg"}],"twitter_card":"summary_large_image","twitter_misc":{"Est. reading time":"3 minutes"},"schema":{"@context":"https:\/\/schema.org","@graph":[{"@type":"WebPage","@id":"https:\/\/newagri.org\/evropaika-programmata\/boosting-social-and-organic-farming-for-inclusive-and-sustainable-growing-economies-source\/","url":"https:\/\/newagri.org\/evropaika-programmata\/boosting-social-and-organic-farming-for-inclusive-and-sustainable-growing-economies-source\/","name":"Boosting SOcial and Organic farming for inclUsive and sustainable gRowing eConomiEs - SOURCE - \u039d\u03ad\u03b1 \u0393\u03b5\u03c9\u03c1\u03b3\u03af\u03b1 \u039d\u03ad\u03b1 \u0393\u03b5\u03bd\u03b9\u03ac","isPartOf":{"@id":"https:\/\/newagri.org\/#website"},"primaryImageOfPage":{"@id":"https:\/\/newagri.org\/evropaika-programmata\/boosting-social-and-organic-farming-for-inclusive-and-sustainable-growing-economies-source\/#primaryimage"},"image":{"@id":"https:\/\/newagri.org\/evropaika-programmata\/boosting-social-and-organic-farming-for-inclusive-and-sustainable-growing-economies-source\/#primaryimage"},"thumbnailUrl":"https:\/\/newagri.org\/wp-content\/uploads\/2024\/07\/source-colab.jpg","datePublished":"2024-07-31T06:55:25+00:00","dateModified":"2025-08-03T22:47:46+00:00","breadcrumb":{"@id":"https:\/\/newagri.org\/evropaika-programmata\/boosting-social-and-organic-farming-for-inclusive-and-sustainable-growing-economies-source\/#breadcrumb"},"inLanguage":"en-US","potentialAction":[{"@type":"ReadAction","target":["https:\/\/newagri.org\/evropaika-programmata\/boosting-social-and-organic-farming-for-inclusive-and-sustainable-growing-economies-source\/"]}]},{"@type":"ImageObject","inLanguage":"en-US","@id":"https:\/\/newagri.org\/evropaika-programmata\/boosting-social-and-organic-farming-for-inclusive-and-sustainable-growing-economies-source\/#primaryimage","url":"https:\/\/newagri.org\/wp-content\/uploads\/2024\/07\/source-colab.jpg","contentUrl":"https:\/\/newagri.org\/wp-content\/uploads\/2024\/07\/source-colab.jpg"},{"@type":"BreadcrumbList","@id":"https:\/\/newagri.org\/evropaika-programmata\/boosting-social-and-organic-farming-for-inclusive-and-sustainable-growing-economies-source\/#breadcrumb","itemListElement":[{"@type":"ListItem","position":1,"name":"\u0391\u03c1\u03c7\u03b9\u03ba\u03ae","item":"https:\/\/newagri.org\/"},{"@type":"ListItem","position":2,"name":"European Programs","item":"https:\/\/newagri.org\/evropaika-programmata\/"},{"@type":"ListItem","position":3,"name":"Boosting SOcial and Organic farming for inclUsive and sustainable gRowing eConomiEs &#8211; SOURCE"}]},{"@type":"WebSite","@id":"https:\/\/newagri.org\/#website","url":"https:\/\/newagri.org\/","name":"\u039d\u03ad\u03b1 \u0393\u03b5\u03c9\u03c1\u03b3\u03af\u03b1 \u039d\u03ad\u03b1 \u0393\u03b5\u03bd\u03b9\u03ac","description":"","publisher":{"@id":"https:\/\/newagri.org\/#organization"},"potentialAction":[{"@type":"SearchAction","target":{"@type":"EntryPoint","urlTemplate":"https:\/\/newagri.org\/?s={search_term_string}"},"query-input":{"@type":"PropertyValueSpecification","valueRequired":true,"valueName":"search_term_string"}}],"inLanguage":"en-US"},{"@type":"Organization","@id":"https:\/\/newagri.org\/#organization","name":"\u039d\u03ad\u03b1 \u0393\u03b5\u03c9\u03c1\u03b3\u03af\u03b1 \u039d\u03ad\u03b1 \u0393\u03b5\u03bd\u03b9\u03ac","url":"https:\/\/newagri.org\/","logo":{"@type":"ImageObject","inLanguage":"en-US","@id":"https:\/\/newagri.org\/#\/schema\/logo\/image\/","url":"https:\/\/newagri.org\/wp-content\/uploads\/2024\/05\/Logo_NGextnd-1.svg","contentUrl":"https:\/\/newagri.org\/wp-content\/uploads\/2024\/05\/Logo_NGextnd-1.svg","caption":"\u039d\u03ad\u03b1 \u0393\u03b5\u03c9\u03c1\u03b3\u03af\u03b1 \u039d\u03ad\u03b1 \u0393\u03b5\u03bd\u03b9\u03ac"},"image":{"@id":"https:\/\/newagri.org\/#\/schema\/logo\/image\/"}}]}},"_links":{"self":[{"href":"https:\/\/newagri.org\/en\/wp-json\/wp\/v2\/pages\/8547","targetHints":{"allow":["GET"]}}],"collection":[{"href":"https:\/\/newagri.org\/en\/wp-json\/wp\/v2\/pages"}],"about":[{"href":"https:\/\/newagri.org\/en\/wp-json\/wp\/v2\/types\/page"}],"author":[{"embeddable":true,"href":"https:\/\/newagri.org\/en\/wp-json\/wp\/v2\/users\/1"}],"replies":[{"embeddable":true,"href":"https:\/\/newagri.org\/en\/wp-json\/wp\/v2\/comments?post=8547"}],"version-history":[{"count":3,"href":"https:\/\/newagri.org\/en\/wp-json\/wp\/v2\/pages\/8547\/revisions"}],"predecessor-version":[{"id":12194,"href":"https:\/\/newagri.org\/en\/wp-json\/wp\/v2\/pages\/8547\/revisions\/12194"}],"up":[{"embeddable":true,"href":"https:\/\/newagri.org\/en\/wp-json\/wp\/v2\/pages\/7747"}],"wp:attachment":[{"href":"https:\/\/newagri.org\/en\/wp-json\/wp\/v2\/media?parent=8547"}],"curies":[{"name":"wp","href":"https:\/\/api.w.org\/{rel}","templated":true}]}}